{"id":322,"date":"2023-09-13T07:04:27","date_gmt":"2023-09-13T07:04:27","guid":{"rendered":"https:\/\/maikaionline.com\/m\/?page_id=322"},"modified":"2023-09-13T07:04:27","modified_gmt":"2023-09-13T07:04:27","slug":"descargo-de-responsabilidad","status":"publish","type":"page","link":"https:\/\/maikaionline.com\/m\/descargo-de-responsabilidad\/","title":{"rendered":"Descargo de Responsabilidad"},"content":{"rendered":"<section class=\"l-section wpb_row us_custom_be0605f1 height_small\"><div class=\"l-section-h i-cf\"><div class=\"g-cols vc_row via_grid cols_1 laptops-cols_inherit tablets-cols_inherit mobiles-cols_1 valign_top type_default stacking_default\"><div class=\"wpb_column vc_column_container\"><div class=\"vc_column-inner\"><div class=\"w-image us_custom_8f2ba1f4 us_animate_this align_center\"><div class=\"w-image-h\"><img loading=\"lazy\" decoding=\"async\" width=\"167\" height=\"78\" src=\"https:\/\/maikaionline.com\/m\/wp-content\/uploads\/2022\/06\/maikai.png\" class=\"attachment-full size-full\" alt=\"\" \/><\/div><\/div><\/div><\/div><\/div><\/div><\/section><section class=\"l-section wpb_row height_medium\"><div class=\"l-section-h i-cf\"><div class=\"g-cols vc_row via_grid cols_1 laptops-cols_inherit tablets-cols_inherit mobiles-cols_1 valign_top type_default stacking_default\"><div class=\"wpb_column vc_column_container\"><div class=\"vc_column-inner\">[vc_custom_heading source=\u00bbpost_title\u00bb font_container=\u00bbtag:h1|text_align:left\u00bb use_theme_fonts=\u00bbyes\u00bb]<div class=\"wpb_text_column\"><div class=\"wpb_wrapper\"><p>\u00daltima actualizaci\u00f3n el 8 de junio de 2023<\/p>\n<p>&nbsp;<\/p>\n<p>La siguiente exenci\u00f3n de responsabilidad sobre ingresos se aplica al uso y venta del producto digital con derechos de reventa principales (\u00abAprenda y obtenga ganancias en l\u00ednea\u00bb) proporcionado por Limitless Bossability, LLC, D&amp; F Fields LLC (\u00abnosotros\u00bb, \u00abnos\u00bb o \u00abnuestro\u00bb ). Lea atentamente este descargo de responsabilidad antes de utilizar o promocionar el Producto.<\/p>\n<p>&nbsp;<\/p>\n<p><strong>Sin garant\u00edas de ingresos.<\/strong><\/p>\n<p>&nbsp;<\/p>\n<p>Descargo de responsabilidad: No hay proyecciones, promesas ni representaciones de ganancias.<\/p>\n<p>Si bien el Producto puede brindarle la oportunidad de generar ingresos, no ofrecemos garant\u00edas con respecto a la cantidad de ingresos que obtendr\u00e1. Su \u00e9xito individual depende de varios factores, incluidas sus habilidades, esfuerzos, condiciones del mercado y la demanda del Producto. Cualquier testimonio o ejemplo de ingresos que se muestre en nuestro sitio web o materiales promocionales son casos excepcionales y no representan una garant\u00eda de ganancias futuras.<\/p>\n<p>&nbsp;<\/p>\n<p><strong>Riesgos comerciales<\/strong><\/p>\n<p>Participar en cualquier negocio, incluida la venta del Producto, implica riesgos inherentes. No garantizamos que lograr\u00e1 ning\u00fan resultado financiero espec\u00edfico o que el Producto generar\u00e1 ganancias sustanciales. Usted reconoce que existen riesgos asociados con la gesti\u00f3n de un negocio y asume la responsabilidad total por cualquier resultado o p\u00e9rdida resultante de su uso o venta del Producto.<\/p>\n<p>&nbsp;<\/p>\n<p><strong>Potencial de ingresos<\/strong><\/p>\n<p><strong>\u00a0<\/strong><\/p>\n<p>El potencial de ingresos asociado con el Producto es altamente subjetivo y puede variar significativamente de persona a persona. Su \u00e9xito depende de varios factores, como sus estrategias de marketing, p\u00fablico objetivo, competencia y condiciones econ\u00f3micas. No podemos predecir ni garantizar sus resultados individuales.<\/p>\n<p>&nbsp;<\/p>\n<p><strong>Limitaci\u00f3n de responsabilidad<\/strong><\/p>\n<p><strong>\u00a0<\/strong><\/p>\n<p>En la medida permitida por la ley, no seremos responsables de ning\u00fan da\u00f1o directo, indirecto, incidental, consecuente o especial que surja de o est\u00e9 relacionado con su uso o promoci\u00f3n del Producto, incluidos, entre otros, la p\u00e9rdida de ganancias, interrupci\u00f3n del negocio o p\u00e9rdida de datos. Esta limitaci\u00f3n se aplica independientemente de la teor\u00eda legal en la que se basa un reclamo por da\u00f1os, incluso si se nos ha informado de la posibilidad de dichos da\u00f1os.<\/p>\n<p>&nbsp;<\/p>\n<p><strong>Cumplimiento de Leyes<\/strong><\/p>\n<p>Usted es responsable de garantizar que su uso y promoci\u00f3n del Producto cumplan con todas las leyes, regulaciones y est\u00e1ndares \u00e9ticos aplicables. Es su responsabilidad verificar la legalidad de la reventa del Producto en su jurisdicci\u00f3n y cumplir con cualquier obligaci\u00f3n fiscal u otros requisitos legales relacionados con sus actividades comerciales.<\/p>\n<p>&nbsp;<\/p>\n<p>Al utilizar o promocionar el Producto, usted reconoce que ha le\u00eddo, comprendido y aceptado esta exenci\u00f3n de responsabilidad sobre ingresos. Si no est\u00e1 de acuerdo con alguna parte de este descargo de responsabilidad, abst\u00e9ngase de utilizar o promocionar el Producto.<\/p>\n<p>&nbsp;<\/p>\n<p>Si tiene preguntas o inquietudes adicionales, comun\u00edquese con nosotros a:<\/p>\n<p><a href=\"mailto:info@maikaionline.com\">info@maikaionline.com<\/a><\/p>\n<\/div><\/div><\/div><\/div><\/div><\/div><\/section>\n","protected":false},"excerpt":{"rendered":"[vc_custom_heading source=\"post_title\" font_container=\"tag:h1|text_align:left\" use_theme_fonts=\"yes\"]\u00daltima actualizaci\u00f3n el 8 de junio de 2023 &nbsp; La siguiente exenci\u00f3n de responsabilidad sobre ingresos se aplica al uso y venta del producto digital con derechos de reventa principales (\u00abAprenda y obtenga ganancias en l\u00ednea\u00bb) proporcionado por Limitless Bossability, LLC, D&amp; F Fields LLC (\u00abnosotros\u00bb, \u00abnos\u00bb o \u00abnuestro\u00bb ). Lea atentamente...","protected":false},"author":1,"featured_media":0,"parent":0,"menu_order":0,"comment_status":"closed","ping_status":"closed","template":"","meta":{"footnotes":""},"class_list":["post-322","page","type-page","status-publish","hentry"],"_links":{"self":[{"href":"https:\/\/maikaionline.com\/m\/wp-json\/wp\/v2\/pages\/322","targetHints":{"allow":["GET"]}}],"collection":[{"href":"https:\/\/maikaionline.com\/m\/wp-json\/wp\/v2\/pages"}],"about":[{"href":"https:\/\/maikaionline.com\/m\/wp-json\/wp\/v2\/types\/page"}],"author":[{"embeddable":true,"href":"https:\/\/maikaionline.com\/m\/wp-json\/wp\/v2\/users\/1"}],"replies":[{"embeddable":true,"href":"https:\/\/maikaionline.com\/m\/wp-json\/wp\/v2\/comments?post=322"}],"version-history":[{"count":1,"href":"https:\/\/maikaionline.com\/m\/wp-json\/wp\/v2\/pages\/322\/revisions"}],"predecessor-version":[{"id":323,"href":"https:\/\/maikaionline.com\/m\/wp-json\/wp\/v2\/pages\/322\/revisions\/323"}],"wp:attachment":[{"href":"https:\/\/maikaionline.com\/m\/wp-json\/wp\/v2\/media?parent=322"}],"curies":[{"name":"wp","href":"https:\/\/api.w.org\/{rel}","templated":true}]}}