{"id":324,"date":"2023-09-13T07:05:36","date_gmt":"2023-09-13T07:05:36","guid":{"rendered":"https:\/\/maikaionline.com\/m\/?page_id=324"},"modified":"2023-09-13T07:05:36","modified_gmt":"2023-09-13T07:05:36","slug":"licencia-master-resell-rights","status":"publish","type":"page","link":"https:\/\/maikaionline.com\/m\/licencia-master-resell-rights\/","title":{"rendered":"Licencia &#8211; Master Resell Rights"},"content":{"rendered":"<section class=\"l-section wpb_row us_custom_be0605f1 height_small\"><div class=\"l-section-h i-cf\"><div class=\"g-cols vc_row via_grid cols_1 laptops-cols_inherit tablets-cols_inherit mobiles-cols_1 valign_top type_default stacking_default\"><div class=\"wpb_column vc_column_container\"><div class=\"vc_column-inner\"><div class=\"w-image us_custom_8f2ba1f4 us_animate_this align_center\"><div class=\"w-image-h\"><img loading=\"lazy\" decoding=\"async\" width=\"167\" height=\"78\" src=\"https:\/\/maikaionline.com\/m\/wp-content\/uploads\/2022\/06\/maikai.png\" class=\"attachment-full size-full\" alt=\"\" \/><\/div><\/div><\/div><\/div><\/div><\/div><\/section><section class=\"l-section wpb_row height_medium\"><div class=\"l-section-h i-cf\"><div class=\"g-cols vc_row via_grid cols_1 laptops-cols_inherit tablets-cols_inherit mobiles-cols_1 valign_top type_default stacking_default\"><div class=\"wpb_column vc_column_container\"><div class=\"vc_column-inner\">[vc_custom_heading source=\u00bbpost_title\u00bb font_container=\u00bbtag:h1|text_align:left\u00bb use_theme_fonts=\u00bbyes\u00bb]<div class=\"wpb_text_column\"><div class=\"wpb_wrapper\"><p><strong>Master Resell Rights ( Derechos de Reventa )<\/strong><\/p>\n<p>Nuestros derechos de distribuci\u00f3n se actualizaron por \u00faltima vez el 8 de junio de 2023.<\/p>\n<p>Derechos de distribuci\u00f3n<\/p>\n<ul>\n<li>PUEDE venderse. &#8211; S\u00cd<\/li>\n<li>PUEDE vender derechos de reventa o derechos de reventa maestros. &#8211; S\u00cd<\/li>\n<li>PUEDE agregar el producto a su paquete o paquete de productos y venderlo por un precio m\u00e1s alto &#8211; S\u00cd<\/li>\n<li>SE PUEDE agregar a un sitio de membres\u00eda de pago: S\u00cd<\/li>\n<li>Cuando se agrega a un sitio de Membres\u00eda, sus clientes NO PUEDEN descargar el contenido y recibir derechos de reventa.<\/li>\n<li>PUEDO regalar el producto GRATIS &#8211; NO<\/li>\n<li>NO PUEDE ofrecer el producto como bonificaci\u00f3n a otro producto que est\u00e9 vendiendo. Sin embargo, puedes ofrecer otros bonos a este producto al venderlo &#8211; S\u00cd<\/li>\n<li>NO PUEDE vender el producto en sitios de subastas como eBay.com &#8211; NO<\/li>\n<li>NO PUEDE usar ni vender este producto en un evento de venta de diez centavos, bajo ninguna circunstancia.<\/li>\n<li>Los videos NO PUEDEN modificarse de NINGUNA MANERA. Los videos de capacitaci\u00f3n PUEDEN cargarse en otros servidores, sin embargo, NO PUEDEN modificarse.<\/li>\n<li>El precio m\u00ednimo de venta del producto es $497; sin embargo, el producto se puede vender al precio que usted elija, cualquier precio superior a $497.<\/li>\n<li>Se pueden aplicar descuentos: S\u00cd<\/li>\n<\/ul>\n<p>&nbsp;<\/p>\n<p><strong>Acuerdo de licencia de productos digitales<\/strong><\/p>\n<p>Este Acuerdo de licencia de productos digitales (el \u00abAcuerdo\u00bb) entra en vigencia a partir de la fecha de compra, entre Limitless Bossability, LLC (\u00abLicenciante\u00bb) y el Comprador (\u00abLicenciatario\u00bb). Se podr\u00e1 hacer referencia al Licenciante y al Licenciatario individualmente como una \u00abParte\u00bb y colectivamente como las \u00abPartes\u00bb.<\/p>\n<p>CONSIDERANDO que el Licenciante posee un curso digital titulado \u00abAprenda y obtenga ganancias en l\u00ednea\u00bb (\u00abProducto\u00bb) creado por Limitless Bossability, LLC;<\/p>\n<\/div><\/div><\/div><\/div><\/div><\/div><\/section>\n","protected":false},"excerpt":{"rendered":"[vc_custom_heading source=\"post_title\" font_container=\"tag:h1|text_align:left\" use_theme_fonts=\"yes\"]Master Resell Rights ( Derechos de Reventa ) Nuestros derechos de distribuci\u00f3n se actualizaron por \u00faltima vez el 8 de junio de 2023. Derechos de distribuci\u00f3n PUEDE venderse. &#8211; S\u00cd PUEDE vender derechos de reventa o derechos de reventa maestros. &#8211; S\u00cd PUEDE agregar el producto a su paquete o paquete de...","protected":false},"author":1,"featured_media":0,"parent":0,"menu_order":0,"comment_status":"closed","ping_status":"closed","template":"","meta":{"footnotes":""},"class_list":["post-324","page","type-page","status-publish","hentry"],"_links":{"self":[{"href":"https:\/\/maikaionline.com\/m\/wp-json\/wp\/v2\/pages\/324","targetHints":{"allow":["GET"]}}],"collection":[{"href":"https:\/\/maikaionline.com\/m\/wp-json\/wp\/v2\/pages"}],"about":[{"href":"https:\/\/maikaionline.com\/m\/wp-json\/wp\/v2\/types\/page"}],"author":[{"embeddable":true,"href":"https:\/\/maikaionline.com\/m\/wp-json\/wp\/v2\/users\/1"}],"replies":[{"embeddable":true,"href":"https:\/\/maikaionline.com\/m\/wp-json\/wp\/v2\/comments?post=324"}],"version-history":[{"count":1,"href":"https:\/\/maikaionline.com\/m\/wp-json\/wp\/v2\/pages\/324\/revisions"}],"predecessor-version":[{"id":325,"href":"https:\/\/maikaionline.com\/m\/wp-json\/wp\/v2\/pages\/324\/revisions\/325"}],"wp:attachment":[{"href":"https:\/\/maikaionline.com\/m\/wp-json\/wp\/v2\/media?parent=324"}],"curies":[{"name":"wp","href":"https:\/\/api.w.org\/{rel}","templated":true}]}}