{"id":326,"date":"2023-09-13T07:07:32","date_gmt":"2023-09-13T07:07:32","guid":{"rendered":"https:\/\/maikaionline.com\/m\/?page_id=326"},"modified":"2023-09-13T07:07:32","modified_gmt":"2023-09-13T07:07:32","slug":"politica-de-privacidad","status":"publish","type":"page","link":"https:\/\/maikaionline.com\/m\/politica-de-privacidad\/","title":{"rendered":"Pol\u00edtica de Privacidad"},"content":{"rendered":"<section class=\"l-section wpb_row us_custom_be0605f1 height_small\"><div class=\"l-section-h i-cf\"><div class=\"g-cols vc_row via_grid cols_1 laptops-cols_inherit tablets-cols_inherit mobiles-cols_1 valign_top type_default stacking_default\"><div class=\"wpb_column vc_column_container\"><div class=\"vc_column-inner\"><div class=\"w-image us_custom_8f2ba1f4 us_animate_this align_center\"><div class=\"w-image-h\"><img loading=\"lazy\" decoding=\"async\" width=\"167\" height=\"78\" src=\"https:\/\/maikaionline.com\/m\/wp-content\/uploads\/2022\/06\/maikai.png\" class=\"attachment-full size-full\" alt=\"\" \/><\/div><\/div><\/div><\/div><\/div><\/div><\/section><section class=\"l-section wpb_row height_medium\"><div class=\"l-section-h i-cf\"><div class=\"g-cols vc_row via_grid cols_1 laptops-cols_inherit tablets-cols_inherit mobiles-cols_1 valign_top type_default stacking_default\"><div class=\"wpb_column vc_column_container\"><div class=\"vc_column-inner\">[vc_custom_heading source=\u00bbpost_title\u00bb font_container=\u00bbtag:h1|text_align:left\u00bb use_theme_fonts=\u00bbyes\u00bb]<div class=\"wpb_text_column\"><div class=\"wpb_wrapper\"><p><strong>Nuestra Pol\u00edtica de Privacidad se actualiz\u00f3 por \u00faltima vez el 8 de junio de 2023.<\/strong><\/p>\n<p>Esta Pol\u00edtica de Privacidad rige la manera en que el sitio web recopila, utiliza, mantiene y divulga informaci\u00f3n recopilada de los usuarios (cada uno, un &#8216;Usuario&#8217;) del sitio web (&#8216;Sitio&#8217;). Esta pol\u00edtica de privacidad se aplica al Sitio y a todos los productos y servicios ofrecidos por Limitless Bossability, LLC.<\/p>\n<p><strong>Informaci\u00f3n que recopilamos:<\/strong><\/p>\n<p>Podemos recopilar informaci\u00f3n de identificaci\u00f3n personal sobre usted de varias maneras, incluidas, entre otras, cuando accede o utiliza el Producto, registra una cuenta, realiza un pedido o se comunica con nosotros.<\/p>\n<p>La informaci\u00f3n que recopilamos puede incluir, entre otras:<\/p>\n<ul>\n<li>Su nombre, direcci\u00f3n de correo electr\u00f3nico e informaci\u00f3n de contacto.<\/li>\n<li>Informaci\u00f3n de facturaci\u00f3n y pago.<\/li>\n<li>Informaci\u00f3n demogr\u00e1fica como su ubicaci\u00f3n.<\/li>\n<li>Informaci\u00f3n relacionada con consultas de atenci\u00f3n al cliente.<strong>\u00a0<\/strong><\/li>\n<\/ul>\n<p><strong>Uso de la informaci\u00f3n recopilada:<\/strong><\/p>\n<p>Recopilamos y utilizamos su informaci\u00f3n personal para los siguientes fines:<\/p>\n<ul>\n<li>Para procesar y cumplir con sus pedidos<\/li>\n<li>Mejorar el servicio al cliente respondiendo a sus consultas y solicitudes.<\/li>\n<li>Personalizar tu experiencia y proporcionar contenido relevante.<\/li>\n<li>Para enviar correos electr\u00f3nicos peri\u00f3dicos sobre sus pedidos, actualizaciones u otra informaci\u00f3n relevante<\/li>\n<li>Para mejorar y asegurar la funcionalidad y caracter\u00edsticas del Producto<\/li>\n<li>Para cumplir con las obligaciones legales y reglamentarias<\/li>\n<\/ul>\n<p><strong>Protecci\u00f3n de la informaci\u00f3n:<\/strong><\/p>\n<p>Implementamos pr\u00e1cticas apropiadas de recopilaci\u00f3n, almacenamiento y procesamiento de datos, as\u00ed como medidas de seguridad, para proteger contra el acceso no autorizado, alteraci\u00f3n, divulgaci\u00f3n o destrucci\u00f3n de su informaci\u00f3n personal, nombre de usuario, contrase\u00f1a, informaci\u00f3n de transacciones y datos almacenados en nuestra plataforma.<\/p>\n<p><strong>Intercambio de informaci\u00f3n:<\/strong><\/p>\n<p>Limitless Bossability, LLC puede recopilar y utilizar la informaci\u00f3n personal de los Usuarios para los siguientes fines:<\/p>\n<p><strong>Para mejorar el servicio al cliente<\/strong><\/p>\n<p>La informaci\u00f3n que usted proporciona nos ayuda a responder a sus solicitudes de servicio al cliente y necesidades de soporte de manera m\u00e1s eficiente.<\/p>\n<p><strong>Para personalizar la experiencia del usuario<\/strong><\/p>\n<p>Podemos utilizar informaci\u00f3n en conjunto para comprender c\u00f3mo nuestros Usuarios como grupo utilizan los servicios y recursos proporcionados en nuestro Sitio.<\/p>\n<p><strong>Para enviar correos electr\u00f3nicos peri\u00f3dicos<\/strong><\/p>\n<p>Podemos utilizar las direcciones de correo electr\u00f3nico para enviar informaci\u00f3n al Usuario y actualizaciones relacionadas con su pedido. Tambi\u00e9n podr\u00e1 utilizarse para responder a sus consultas, preguntas y\/u otras solicitudes. Si el Usuario decide suscribirse a nuestra lista de correo, recibir\u00e1 correos electr\u00f3nicos que pueden incluir noticias de la empresa, actualizaciones, informaci\u00f3n relacionada con productos o servicios, etc. Si en alg\u00fan momento el Usuario desea darse de baja para no recibir futuros correos electr\u00f3nicos, incluimos detalles instrucciones para cancelar la suscripci\u00f3n en la parte inferior de cada correo electr\u00f3nico o el Usuario puede contactarnos a trav\u00e9s de nuestro Sitio.<\/p>\n<p>No vendemos, comercializamos ni alquilamos su informaci\u00f3n de identificaci\u00f3n personal a terceros con fines de marketing. Sin embargo, podemos compartir su informaci\u00f3n con proveedores de servicios externos confiables que nos ayudan a operar nuestro negocio, brindar servicios o realizar actividades en nuestro nombre. Estas partes est\u00e1n obligadas contractualmente a mantener su informaci\u00f3n confidencial y segura.<\/p>\n<p><strong>Sitios web de terceros:<\/strong><\/p>\n<p>Puede encontrar enlaces a sitios web de terceros dentro del Producto. Estos sitios web tienen sus propias pol\u00edticas de privacidad y no asumimos ninguna responsabilidad por su contenido, actividades o pr\u00e1cticas. Le recomendamos que revise sus pol\u00edticas de privacidad antes de proporcionar cualquier informaci\u00f3n personal.<\/p>\n<p><strong>De acuerdo con las leyes:<\/strong><\/p>\n<p>Divulgaremos su informaci\u00f3n personal si lo exige la ley o si creemos que dicha divulgaci\u00f3n es necesaria para cumplir con una obligaci\u00f3n legal, proteger nuestros derechos o propiedad, investigar posibles violaciones o hacer cumplir nuestras pol\u00edticas.<\/p>\n<p>&nbsp;<\/p>\n<p><strong>Cambios a esta pol\u00edtica de privacidad:<\/strong><\/p>\n<p>Limitless Bossability, LLC se reserva el derecho de actualizar o revisar esta Pol\u00edtica de Privacidad en cualquier momento. Cualquier cambio se reflejar\u00e1 en esta p\u00e1gina y la Pol\u00edtica de Privacidad actualizada tendr\u00e1 una fecha de vigencia mencionada en la parte superior. Le recomendamos que revise esta Pol\u00edtica de privacidad peri\u00f3dicamente para mantenerse informado sobre c\u00f3mo recopilamos, utilizamos y protegemos su informaci\u00f3n.<\/p>\n<p><strong>Su aceptaci\u00f3n de estos t\u00e9rminos:<\/strong><\/p>\n<p>Al acceder y utilizar el Producto, usted manifiesta su aceptaci\u00f3n de esta Pol\u00edtica de Privacidad. Si no est\u00e1 de acuerdo con esta pol\u00edtica, no utilice el Producto. Su uso continuado del Producto despu\u00e9s de la publicaci\u00f3n de cambios a esta pol\u00edtica se considerar\u00e1 como su aceptaci\u00f3n de dichos cambios.<\/p>\n<p>Si tiene alguna pregunta o inquietud sobre esta Pol\u00edtica de privacidad, cont\u00e1ctenos en <a href=\"mailto:info@maikaionline.com\">info@maikaionline.com<\/a><\/p>\n<\/div><\/div><\/div><\/div><\/div><\/div><\/section>\n","protected":false},"excerpt":{"rendered":"[vc_custom_heading source=\"post_title\" font_container=\"tag:h1|text_align:left\" use_theme_fonts=\"yes\"]Nuestra Pol\u00edtica de Privacidad se actualiz\u00f3 por \u00faltima vez el 8 de junio de 2023. Esta Pol\u00edtica de Privacidad rige la manera en que el sitio web recopila, utiliza, mantiene y divulga informaci\u00f3n recopilada de los usuarios (cada uno, un &#8216;Usuario&#8217;) del sitio web (&#8216;Sitio&#8217;). Esta pol\u00edtica de privacidad se aplica al...","protected":false},"author":1,"featured_media":0,"parent":0,"menu_order":0,"comment_status":"closed","ping_status":"closed","template":"","meta":{"footnotes":""},"class_list":["post-326","page","type-page","status-publish","hentry"],"_links":{"self":[{"href":"https:\/\/maikaionline.com\/m\/wp-json\/wp\/v2\/pages\/326","targetHints":{"allow":["GET"]}}],"collection":[{"href":"https:\/\/maikaionline.com\/m\/wp-json\/wp\/v2\/pages"}],"about":[{"href":"https:\/\/maikaionline.com\/m\/wp-json\/wp\/v2\/types\/page"}],"author":[{"embeddable":true,"href":"https:\/\/maikaionline.com\/m\/wp-json\/wp\/v2\/users\/1"}],"replies":[{"embeddable":true,"href":"https:\/\/maikaionline.com\/m\/wp-json\/wp\/v2\/comments?post=326"}],"version-history":[{"count":1,"href":"https:\/\/maikaionline.com\/m\/wp-json\/wp\/v2\/pages\/326\/revisions"}],"predecessor-version":[{"id":327,"href":"https:\/\/maikaionline.com\/m\/wp-json\/wp\/v2\/pages\/326\/revisions\/327"}],"wp:attachment":[{"href":"https:\/\/maikaionline.com\/m\/wp-json\/wp\/v2\/media?parent=326"}],"curies":[{"name":"wp","href":"https:\/\/api.w.org\/{rel}","templated":true}]}}