{"id":328,"date":"2023-09-13T07:08:43","date_gmt":"2023-09-13T07:08:43","guid":{"rendered":"https:\/\/maikaionline.com\/m\/?page_id=328"},"modified":"2023-09-13T07:08:43","modified_gmt":"2023-09-13T07:08:43","slug":"terminos-y-condiciones","status":"publish","type":"page","link":"https:\/\/maikaionline.com\/m\/terminos-y-condiciones\/","title":{"rendered":"T\u00e9rminos y Condiciones"},"content":{"rendered":"<section class=\"l-section wpb_row us_custom_be0605f1 height_small\"><div class=\"l-section-h i-cf\"><div class=\"g-cols vc_row via_grid cols_1 laptops-cols_inherit tablets-cols_inherit mobiles-cols_1 valign_top type_default stacking_default\"><div class=\"wpb_column vc_column_container\"><div class=\"vc_column-inner\"><div class=\"w-image us_custom_8f2ba1f4 us_animate_this align_center\"><div class=\"w-image-h\"><img loading=\"lazy\" decoding=\"async\" width=\"167\" height=\"78\" src=\"https:\/\/maikaionline.com\/m\/wp-content\/uploads\/2022\/06\/maikai.png\" class=\"attachment-full size-full\" alt=\"\" \/><\/div><\/div><\/div><\/div><\/div><\/div><\/section><section class=\"l-section wpb_row height_medium\"><div class=\"l-section-h i-cf\"><div class=\"g-cols vc_row via_grid cols_1 laptops-cols_inherit tablets-cols_inherit mobiles-cols_1 valign_top type_default stacking_default\"><div class=\"wpb_column vc_column_container\"><div class=\"vc_column-inner\">[vc_custom_heading source=\u00bbpost_title\u00bb font_container=\u00bbtag:h1|text_align:left\u00bb use_theme_fonts=\u00bbyes\u00bb]<div class=\"wpb_text_column\"><div class=\"wpb_wrapper\"><p>Nuestros T\u00e9rminos y condiciones se actualizaron por \u00faltima vez el 13 de marzo de 2023.<\/p>\n<p>Estos T\u00e9rminos y condiciones (\u00abAcuerdo\u00bb) rigen su uso del producto digital con derechos de reventa principales (\u00abAprenda y obtenga ganancias en l\u00ednea\u00bb) proporcionado por Limitless Bossability, LLC (\u00abnosotros\u00bb, \u00abnos\u00bb o \u00abnuestro\u00bb).<\/p>\n<p>Al acceder o utilizar el Producto, usted acepta estar sujeto a este Acuerdo. Si no est\u00e1 de acuerdo con estos t\u00e9rminos, abst\u00e9ngase de utilizar el Producto.<\/p>\n<p><strong>Concesi\u00f3n de la licencia:<\/strong><\/p>\n<p>Le otorgamos una licencia no exclusiva e intransferible para usar, modificar y vender el Producto de acuerdo con los t\u00e9rminos y condiciones establecidos en este Acuerdo.<\/p>\n<p>Esta licencia est\u00e1 limitada a la duraci\u00f3n de su propiedad de los derechos de reventa principales del Producto.<\/p>\n<p><strong>Propiedad intelectual:<\/strong><\/p>\n<p>El Producto, incluido, entre otros, su contenido, dise\u00f1o, logotipos, marcas comerciales y cualquier material asociado, est\u00e1 protegido por leyes de propiedad intelectual y es propiedad exclusiva de Limitless Bossability, LLC o sus licenciantes. Usted reconoce que no tiene derechos de propiedad sobre el Producto, excepto los derechos de reventa principales otorgados en virtud de este Acuerdo.<\/p>\n<p><strong>Indemnizaci\u00f3n:<\/strong><\/p>\n<p>Usted acepta indemnizar, defender y eximirnos de cualquier reclamo, da\u00f1o, responsabilidad y gasto (incluidos los honorarios de abogados) que surjan de o en conexi\u00f3n con su uso del Producto, su violaci\u00f3n de cualquier t\u00e9rmino de este Acuerdo o su infracci\u00f3n de cualquier propiedad intelectual u otros derechos de cualquier tercero.<\/p>\n<p><strong>Terminaci\u00f3n:<\/strong><\/p>\n<p>Nos reservamos el derecho de rescindir o suspender su licencia para usar el Producto en cualquier momento y sin previo aviso si creemos que ha violado alguna disposici\u00f3n de este Acuerdo. Tras la rescisi\u00f3n, debe dejar de utilizar el Producto y destruir cualquier copia que pueda tener.<\/p>\n<p><strong>Enmiendas:<\/strong><\/p>\n<p>Nos reservamos el derecho de modificar o actualizar este Acuerdo en cualquier momento. Cualquier cambio entrar\u00e1 en vigor inmediatamente despu\u00e9s de la publicaci\u00f3n del Acuerdo actualizado en nuestro sitio web. Su uso continuado del Producto despu\u00e9s de la publicaci\u00f3n de cualquier cambio constituye su aceptaci\u00f3n de dichos cambios.<\/p>\n<p><strong>Acuerdo completo:<\/strong><\/p>\n<p>Este Acuerdo constituye el acuerdo completo entre usted y Limitless Bossability, LLC con respecto al uso del Producto y reemplaza cualquier entendimiento o acuerdo anterior o contempor\u00e1neo, ya sea escrito u oral.<\/p>\n<p><strong>Cambios a los t\u00e9rminos y condiciones:<\/strong><\/p>\n<p>Nos reservamos el derecho de actualizar o modificar estos t\u00e9rminos y condiciones en cualquier momento sin previo aviso. Su uso continuado del sitio web despu\u00e9s de cualquier cambio en los t\u00e9rminos y condiciones indica su aceptaci\u00f3n de dichos cambios. Es su responsabilidad revisar estos t\u00e9rminos y condiciones peri\u00f3dicamente.<\/p>\n<p><strong>Contacto: <a href=\"mailto:info@maikaionline.com\">info@maikaionline.com<\/a><\/strong><\/p>\n<\/div><\/div><\/div><\/div><\/div><\/div><\/section>\n","protected":false},"excerpt":{"rendered":"[vc_custom_heading source=\"post_title\" font_container=\"tag:h1|text_align:left\" use_theme_fonts=\"yes\"]Nuestros T\u00e9rminos y condiciones se actualizaron por \u00faltima vez el 13 de marzo de 2023. Estos T\u00e9rminos y condiciones (\u00abAcuerdo\u00bb) rigen su uso del producto digital con derechos de reventa principales (\u00abAprenda y obtenga ganancias en l\u00ednea\u00bb) proporcionado por Limitless Bossability, LLC (\u00abnosotros\u00bb, \u00abnos\u00bb o \u00abnuestro\u00bb). Al acceder o utilizar el Producto,...","protected":false},"author":1,"featured_media":0,"parent":0,"menu_order":0,"comment_status":"closed","ping_status":"closed","template":"","meta":{"footnotes":""},"class_list":["post-328","page","type-page","status-publish","hentry"],"_links":{"self":[{"href":"https:\/\/maikaionline.com\/m\/wp-json\/wp\/v2\/pages\/328","targetHints":{"allow":["GET"]}}],"collection":[{"href":"https:\/\/maikaionline.com\/m\/wp-json\/wp\/v2\/pages"}],"about":[{"href":"https:\/\/maikaionline.com\/m\/wp-json\/wp\/v2\/types\/page"}],"author":[{"embeddable":true,"href":"https:\/\/maikaionline.com\/m\/wp-json\/wp\/v2\/users\/1"}],"replies":[{"embeddable":true,"href":"https:\/\/maikaionline.com\/m\/wp-json\/wp\/v2\/comments?post=328"}],"version-history":[{"count":1,"href":"https:\/\/maikaionline.com\/m\/wp-json\/wp\/v2\/pages\/328\/revisions"}],"predecessor-version":[{"id":329,"href":"https:\/\/maikaionline.com\/m\/wp-json\/wp\/v2\/pages\/328\/revisions\/329"}],"wp:attachment":[{"href":"https:\/\/maikaionline.com\/m\/wp-json\/wp\/v2\/media?parent=328"}],"curies":[{"name":"wp","href":"https:\/\/api.w.org\/{rel}","templated":true}]}}