{"id":408,"date":"2023-10-01T21:49:43","date_gmt":"2023-10-01T21:49:43","guid":{"rendered":"https:\/\/maikaionline.com\/m\/?page_id=408"},"modified":"2023-10-04T16:40:57","modified_gmt":"2023-10-04T16:40:57","slug":"mentorias","status":"publish","type":"page","link":"https:\/\/maikaionline.com\/m\/soulful-leadership-empresas\/mentorias\/","title":{"rendered":"Mentorias"},"content":{"rendered":"<section class=\"l-section wpb_row us_custom_92cb0d8d height_auto type_sticky\"><div class=\"l-section-overlay\" style=\"background:linear-gradient(90deg,#f9b996,#c98b8c)\"><\/div><div class=\"l-section-h i-cf\"><div class=\"g-cols vc_row via_grid cols_1 laptops-cols_inherit tablets-cols_inherit mobiles-cols_1 valign_top type_default stacking_default\"><div class=\"wpb_column vc_column_container\"><div class=\"vc_column-inner\"><div class=\"w-menu us_custom_6ec1ea66 layout_hor spread style_links us_menu_1\" style=\"--main-gap:1.5rem;--main-ver-indent:0.8em;--main-hor-indent:0.8em;\"><ul id=\"menu-soulful\" class=\"menu\"><li id=\"menu-item-463\" class=\"menu-item menu-item-type-post_type menu-item-object-page menu-item-463\"><a href=\"https:\/\/maikaionline.com\/m\/soulful-leadership-empresas\/\">Home<\/a><\/li><li id=\"menu-item-432\" class=\"menu-item menu-item-type-post_type menu-item-object-page menu-item-432\"><a href=\"https:\/\/maikaionline.com\/m\/soulful-leadership-empresas\/mentorias\/\">Mentorias<\/a><\/li><li id=\"menu-item-433\" class=\"menu-item menu-item-type-post_type menu-item-object-page menu-item-433\"><a href=\"https:\/\/maikaionline.com\/m\/soulful-leadership-empresas\/eventos\/\">Eventos<\/a><\/li><li id=\"menu-item-431\" class=\"menu-item menu-item-type-post_type menu-item-object-page menu-item-431\"><a href=\"https:\/\/maikaionline.com\/m\/soulful-leadership-empresas\/programas\/\">Programas<\/a><\/li><li id=\"menu-item-723\" class=\"menu-item menu-item-type-post_type menu-item-object-page menu-item-723\"><a href=\"https:\/\/maikaionline.com\/m\/soulful-leadership-empresas\/maikai-empresas\/\">APP<\/a><\/li><li id=\"menu-item-973\" class=\"menu-item menu-item-type-post_type menu-item-object-page menu-item-973\"><a href=\"https:\/\/maikaionline.com\/m\/seven\/\">SEVEN<\/a><\/li><li id=\"menu-item-434\" class=\"menu-item menu-item-type-custom menu-item-object-custom menu-item-434\"><a href=\"mailto:luba@maikaionline.com\">Contacto<\/a><\/li><\/ul><style>.us_menu_1 .menu>li>a{color:inherit}@media ( max-width:600px ){.us_menu_1 .menu{display:block!important}.us_menu_1 .menu>li{margin:0 0 var(--main-gap,1.5rem)!important}}<\/style><\/div><\/div><\/div><\/div><\/div><\/section><section class=\"l-section wpb_row height_medium with_img parallax_fixed\"><div class=\"l-section-img\" style=\"background-image: url(https:\/\/maikaionline.com\/m\/wp-content\/uploads\/2023\/10\/texyture.jpg);background-repeat: no-repeat;\" data-img-width=\"1240\" data-img-height=\"600\"><\/div><div class=\"l-section-h i-cf\"><div class=\"g-cols vc_row via_grid cols_1 laptops-cols_inherit tablets-cols_inherit mobiles-cols_1 valign_top type_default stacking_default\"><div class=\"wpb_column vc_column_container type_sticky\"><div class=\"vc_column-inner\">[vc_custom_heading text=\u00bbMENTORIAS PARA EMPRESAS\u00bb font_container=\u00bbtag:h1|text_align:left|color:%23ce908e\u00bb use_theme_fonts=\u00bbyes\u00bb css=\u00bb%7B%22default%22%3A%7B%22text-align%22%3A%22center%22%2C%22margin-bottom%22%3A%220%22%2C%22padding-bottom%22%3A%220%22%7D%7D\u00bb]<div class=\"w-separator size_small with_line width_30 thick_1 style_solid color_border align_center\"><div class=\"w-separator-h\"><\/div><\/div><div class=\"g-cols wpb_row via_grid cols_2 laptops-cols_inherit tablets-cols_inherit mobiles-cols_1 valign_top type_default stacking_default\"><div class=\"wpb_column vc_column_container type_sticky\"><div class=\"vc_column-inner\"><div class=\"w-image us_custom_8f2ba1f4 us_animate_this align_none\"><div class=\"w-image-h\"><img loading=\"lazy\" decoding=\"async\" width=\"1920\" height=\"2073\" src=\"https:\/\/maikaionline.com\/m\/wp-content\/uploads\/2023\/10\/mentorias-empresas-scaled-e1696437614186.jpeg\" class=\"attachment-full size-full\" alt=\"\" srcset=\"https:\/\/maikaionline.com\/m\/wp-content\/uploads\/2023\/10\/mentorias-empresas-scaled-e1696437614186.jpeg 1920w, https:\/\/maikaionline.com\/m\/wp-content\/uploads\/2023\/10\/mentorias-empresas-scaled-e1696437614186-278x300.jpeg 278w, https:\/\/maikaionline.com\/m\/wp-content\/uploads\/2023\/10\/mentorias-empresas-scaled-e1696437614186-948x1024.jpeg 948w, https:\/\/maikaionline.com\/m\/wp-content\/uploads\/2023\/10\/mentorias-empresas-scaled-e1696437614186-370x400.jpeg 370w, https:\/\/maikaionline.com\/m\/wp-content\/uploads\/2023\/10\/mentorias-empresas-scaled-e1696437614186-417x450.jpeg 417w\" sizes=\"auto, (max-width: 1920px) 100vw, 1920px\" \/><\/div><\/div><\/div><\/div><div class=\"wpb_column vc_column_container\"><div class=\"vc_column-inner\"><div class=\"wpb_text_column us_custom_eb849559\"><div class=\"wpb_wrapper\"><h3>WORKLFOW + MINDSET + ENERGETICS<\/h3>\n<p><strong>Programa de mentor\u00eda personalizada para empresas<\/strong><\/p>\n<\/div><\/div><div class=\"w-separator size_medium\"><\/div><div class=\"wpb_text_column\"><div class=\"wpb_wrapper\"><p>En el \u00e1rea de PROCESOS analizo la estructura y flujos de trabajo, para aportar ideas innovadoras basadas en diferentes herramientas de Inteligencia Artificial que desaf\u00edan las normas y catalizan el \u00e9xito.<\/p>\n<p>Cuando hablo de MINDSET me refiero al condicionamiento mental para transformar las metas en realidades tangibles, sin perder de vista la creaci\u00f3n constante de valor y servicio tanto para tu equipo como para tus clientes.<\/p>\n<p>ENERGETICS \u2013 es la energ\u00eda, la vibraci\u00f3n que se percibe interna y externamente.<\/p>\n<p>Es la alineaci\u00f3n total de los prop\u00f3sitos individuales de cada persona de tu equipo con la misi\u00f3n de la empresa, m\u00e1s all\u00e1 de ganar dinero.<\/p>\n<p><strong>Haz clic en el bot\u00f3n para programar una llamada para descubrir mas sobre las mentor\u00edas para empresas con Luba.<\/strong><\/p>\n<\/div><\/div><div class=\"w-separator size_medium\"><\/div><div class=\"w-btn-wrapper align_center\"><a class=\"w-btn us-btn-style_5\" href=\"mailto:luba@maikaionline.com\"><span class=\"w-btn-label\">PROGRAMA TU LLAMADA<\/span><\/a><\/div><div class=\"w-separator size_medium\"><\/div><\/div><\/div><\/div><\/div><\/div><\/div><\/div><\/section><section class=\"l-section wpb_row height_medium with_shape\"><div class=\"l-section-overlay\" style=\"background:rgba(255,223,220,0.70)\"><\/div><div class=\"l-section-shape type_tilt pos_top\" style=\"height:5vh;\"><svg xmlns=\"http:\/\/www.w3.org\/2000\/svg\" viewBox=\"0 0 64 8\" preserveAspectRatio=\"none\" width=\"100%\" height=\"100%\">\r\n\t<path fill=\"currentColor\" d=\"M64 7.9 L64 10 L0 10 L0 0 Z\"\/>\r\n<\/svg><\/div><div class=\"l-section-h i-cf\"><div class=\"g-cols vc_row via_grid cols_2 laptops-cols_inherit tablets-cols_inherit mobiles-cols_1 valign_middle type_default stacking_default\"><div class=\"wpb_column vc_column_container\"><div class=\"vc_column-inner\"><div class=\"wpb_text_column\"><div class=\"wpb_wrapper\"><h3><strong>Mentorias 1:1<\/strong><\/h3>\n<p>Luba est\u00e1 disponible para tutor\u00edas privadas 1 \u2013 1.<\/p>\n<p>Este es un viaje energ\u00e9tico a trav\u00e9s de todos los aspectos de tu vida: negocios, personal, salud y prop\u00f3sito.<\/p>\n<p>Esta oportunidad personal est\u00e1 limitada solo a unas pocas personas y est\u00e1 dise\u00f1ada espec\u00edficamente para aquellos que quieren alcanzar altos niveles de \u00e9xito en sus vidas pero que son conscientes de que todav\u00eda hay obst\u00e1culos que superar mientras se esfuerzan por alcanzar su m\u00e1ximo potencial.<\/p>\n<p><strong>Haz clic en el bot\u00f3n para programar una llamada para descubrir mas sobre las mentor\u00edas privadas con Luba.<\/strong><\/p>\n<\/div><\/div><div class=\"w-separator size_medium\"><\/div><div class=\"w-btn-wrapper align_center\"><a class=\"w-btn us-btn-style_1\" href=\"mailto:luba@maikaionline.com\"><span class=\"w-btn-label\">PROGRAMA TU LLAMADA<\/span><\/a><\/div><\/div><\/div><div class=\"wpb_column vc_column_container\"><div class=\"vc_column-inner\"><div class=\"w-image align_none\"><div class=\"w-image-h\"><img loading=\"lazy\" decoding=\"async\" width=\"550\" height=\"550\" src=\"https:\/\/maikaionline.com\/m\/wp-content\/uploads\/2023\/10\/transformacion.jpg\" class=\"attachment-large size-large\" alt=\"\" srcset=\"https:\/\/maikaionline.com\/m\/wp-content\/uploads\/2023\/10\/transformacion.jpg 550w, https:\/\/maikaionline.com\/m\/wp-content\/uploads\/2023\/10\/transformacion-300x300.jpg 300w, https:\/\/maikaionline.com\/m\/wp-content\/uploads\/2023\/10\/transformacion-150x150.jpg 150w, https:\/\/maikaionline.com\/m\/wp-content\/uploads\/2023\/10\/transformacion-400x400.jpg 400w, https:\/\/maikaionline.com\/m\/wp-content\/uploads\/2023\/10\/transformacion-450x450.jpg 450w, https:\/\/maikaionline.com\/m\/wp-content\/uploads\/2023\/10\/transformacion-64x64.jpg 64w\" sizes=\"auto, (max-width: 550px) 100vw, 550px\" \/><\/div><\/div><\/div><\/div><\/div><\/div><\/section>\n","protected":false},"excerpt":{"rendered":"HomeMentoriasEventosProgramasAPPSEVENContacto[vc_custom_heading text=\"MENTORIAS PARA EMPRESAS\" font_container=\"tag:h1|text_align:left|color:%23ce908e\" use_theme_fonts=\"yes\" css=\"%7B%22default%22%3A%7B%22text-align%22%3A%22center%22%2C%22margin-bottom%22%3A%220%22%2C%22padding-bottom%22%3A%220%22%7D%7D\"]WORKLFOW + MINDSET + ENERGETICS Programa de mentor\u00eda personalizada para empresas En el \u00e1rea de PROCESOS analizo la estructura y flujos de trabajo, para aportar ideas innovadoras basadas en diferentes herramientas de Inteligencia Artificial que desaf\u00edan las normas y catalizan el \u00e9xito. Cuando hablo de MINDSET me refiero al...","protected":false},"author":1,"featured_media":0,"parent":363,"menu_order":0,"comment_status":"closed","ping_status":"closed","template":"","meta":{"footnotes":""},"class_list":["post-408","page","type-page","status-publish","hentry"],"_links":{"self":[{"href":"https:\/\/maikaionline.com\/m\/wp-json\/wp\/v2\/pages\/408","targetHints":{"allow":["GET"]}}],"collection":[{"href":"https:\/\/maikaionline.com\/m\/wp-json\/wp\/v2\/pages"}],"about":[{"href":"https:\/\/maikaionline.com\/m\/wp-json\/wp\/v2\/types\/page"}],"author":[{"embeddable":true,"href":"https:\/\/maikaionline.com\/m\/wp-json\/wp\/v2\/users\/1"}],"replies":[{"embeddable":true,"href":"https:\/\/maikaionline.com\/m\/wp-json\/wp\/v2\/comments?post=408"}],"version-history":[{"count":14,"href":"https:\/\/maikaionline.com\/m\/wp-json\/wp\/v2\/pages\/408\/revisions"}],"predecessor-version":[{"id":504,"href":"https:\/\/maikaionline.com\/m\/wp-json\/wp\/v2\/pages\/408\/revisions\/504"}],"up":[{"embeddable":true,"href":"https:\/\/maikaionline.com\/m\/wp-json\/wp\/v2\/pages\/363"}],"wp:attachment":[{"href":"https:\/\/maikaionline.com\/m\/wp-json\/wp\/v2\/media?parent=408"}],"curies":[{"name":"wp","href":"https:\/\/api.w.org\/{rel}","templated":true}]}}