{"id":419,"date":"2023-10-01T21:58:56","date_gmt":"2023-10-01T21:58:56","guid":{"rendered":"https:\/\/maikaionline.com\/m\/?page_id=419"},"modified":"2023-11-07T19:01:38","modified_gmt":"2023-11-07T19:01:38","slug":"programas","status":"publish","type":"page","link":"https:\/\/maikaionline.com\/m\/soulful-leadership-empresas\/programas\/","title":{"rendered":"Programas"},"content":{"rendered":"<section class=\"l-section wpb_row us_custom_92cb0d8d height_auto type_sticky\"><div class=\"l-section-overlay\" style=\"background:linear-gradient(90deg,#f9b996,#c98b8c)\"><\/div><div class=\"l-section-h i-cf\"><div class=\"g-cols vc_row via_grid cols_1 laptops-cols_inherit tablets-cols_inherit mobiles-cols_1 valign_top type_default stacking_default\"><div class=\"wpb_column vc_column_container\"><div class=\"vc_column-inner\"><div class=\"w-menu us_custom_6ec1ea66 layout_hor spread style_links us_menu_1\" style=\"--main-gap:1.5rem;--main-ver-indent:0.8em;--main-hor-indent:0.8em;\"><ul id=\"menu-soulful\" class=\"menu\"><li id=\"menu-item-463\" class=\"menu-item menu-item-type-post_type menu-item-object-page menu-item-463\"><a href=\"https:\/\/maikaionline.com\/m\/soulful-leadership-empresas\/\">Home<\/a><\/li><li id=\"menu-item-432\" class=\"menu-item menu-item-type-post_type menu-item-object-page menu-item-432\"><a href=\"https:\/\/maikaionline.com\/m\/soulful-leadership-empresas\/mentorias\/\">Mentorias<\/a><\/li><li id=\"menu-item-433\" class=\"menu-item menu-item-type-post_type menu-item-object-page menu-item-433\"><a href=\"https:\/\/maikaionline.com\/m\/soulful-leadership-empresas\/eventos\/\">Eventos<\/a><\/li><li id=\"menu-item-431\" class=\"menu-item menu-item-type-post_type menu-item-object-page menu-item-431\"><a href=\"https:\/\/maikaionline.com\/m\/soulful-leadership-empresas\/programas\/\">Programas<\/a><\/li><li id=\"menu-item-723\" class=\"menu-item menu-item-type-post_type menu-item-object-page menu-item-723\"><a href=\"https:\/\/maikaionline.com\/m\/soulful-leadership-empresas\/maikai-empresas\/\">APP<\/a><\/li><li id=\"menu-item-973\" class=\"menu-item menu-item-type-post_type menu-item-object-page menu-item-973\"><a href=\"https:\/\/maikaionline.com\/m\/seven\/\">SEVEN<\/a><\/li><li id=\"menu-item-434\" class=\"menu-item menu-item-type-custom menu-item-object-custom menu-item-434\"><a href=\"mailto:luba@maikaionline.com\">Contacto<\/a><\/li><\/ul><style>.us_menu_1 .menu>li>a{color:inherit}@media ( max-width:600px ){.us_menu_1 .menu{display:block!important}.us_menu_1 .menu>li{margin:0 0 var(--main-gap,1.5rem)!important}}<\/style><\/div><\/div><\/div><\/div><\/div><\/section><section class=\"l-section wpb_row height_medium with_img parallax_fixed\"><div class=\"l-section-img\" style=\"background-image: url(https:\/\/maikaionline.com\/m\/wp-content\/uploads\/2023\/10\/texyture.jpg);background-repeat: no-repeat;\" data-img-width=\"1240\" data-img-height=\"600\"><\/div><div class=\"l-section-h i-cf\"><div class=\"g-cols vc_row via_grid cols_1 laptops-cols_inherit tablets-cols_inherit mobiles-cols_1 valign_top type_default stacking_default\"><div class=\"wpb_column vc_column_container\"><div class=\"vc_column-inner\">[vc_custom_heading source=\u00bbpost_title\u00bb font_container=\u00bbtag:h1|text_align:left|color:%23ce908e\u00bb use_theme_fonts=\u00bbyes\u00bb css=\u00bb%7B%22default%22%3A%7B%22text-align%22%3A%22center%22%2C%22font-weight%22%3A%22900%22%2C%22text-transform%22%3A%22uppercase%22%7D%7D\u00bb]<div class=\"w-separator size_small with_line width_30 thick_1 style_solid color_border align_center\"><div class=\"w-separator-h\"><\/div><\/div><div class=\"g-cols wpb_row via_grid cols_custom laptops-cols_inherit tablets-cols_inherit mobiles-cols_1 valign_middle type_default stacking_default\" style=\"--custom-columns:3.6fr 1.2fr 1.2fr \"><div class=\"wpb_column vc_column_container\"><div class=\"vc_column-inner\"><div class=\"w-separator size_medium\"><\/div>[vc_custom_heading text=\u00bbMasterclass de Journaling\u00bb font_container=\u00bbtag:h4|text_align:left\u00bb use_theme_fonts=\u00bbyes\u00bb css=\u00bb%7B%22default%22%3A%7B%22text-align%22%3A%22center%22%2C%22font-weight%22%3A%22900%22%2C%22margin-bottom%22%3A%220%22%2C%22padding-bottom%22%3A%220%22%7D%7D\u00bb]<div class=\"w-separator size_small\"><\/div><div class=\"wpb_text_column\"><div class=\"wpb_wrapper\"><p>Un programa poderoso que te brindar\u00e1 todas las herramientas de alto nivel que necesitas para conectar con tu prop\u00f3sito y modificar tu realidad.<\/p>\n<p>Aprender\u00e1s c\u00f3mo dise\u00f1ar tu propio ritual de mentalidad de \u00e9xito, alinearte, superar todos tus bloqueos y l\u00edmites, tomar medidas MASIVAS y aut\u00e9nticas y acelerar tus resultados externos.<\/p>\n<\/div><\/div><div class=\"w-separator size_medium\"><\/div><\/div><\/div><div class=\"wpb_column vc_column_container\"><div class=\"vc_column-inner\"><div class=\"w-image us_custom_8f2ba1f4 us_animate_this align_none\"><a target=\"_blank\" href=\"https:\/\/maikaionline.com\/m\/journaling\/\" rel=\"noopener\" aria-label=\"Enlace\" class=\"w-image-h\"><img loading=\"lazy\" decoding=\"async\" width=\"800\" height=\"800\" src=\"https:\/\/maikaionline.com\/m\/wp-content\/uploads\/2023\/10\/curso-journaling.jpg\" class=\"attachment-full size-full\" alt=\"\" srcset=\"https:\/\/maikaionline.com\/m\/wp-content\/uploads\/2023\/10\/curso-journaling.jpg 800w, https:\/\/maikaionline.com\/m\/wp-content\/uploads\/2023\/10\/curso-journaling-300x300.jpg 300w, https:\/\/maikaionline.com\/m\/wp-content\/uploads\/2023\/10\/curso-journaling-150x150.jpg 150w, https:\/\/maikaionline.com\/m\/wp-content\/uploads\/2023\/10\/curso-journaling-400x400.jpg 400w, https:\/\/maikaionline.com\/m\/wp-content\/uploads\/2023\/10\/curso-journaling-450x450.jpg 450w, https:\/\/maikaionline.com\/m\/wp-content\/uploads\/2023\/10\/curso-journaling-64x64.jpg 64w\" sizes=\"auto, (max-width: 800px) 100vw, 800px\" \/><\/a><\/div><\/div><\/div><div class=\"wpb_column vc_column_container\"><div class=\"vc_column-inner\"><div class=\"w-btn-wrapper align_none\"><a class=\"w-btn us-btn-style_1\" target=\"_blank\" href=\"https:\/\/maikaionline.com\/m\/journaling\/\" rel=\"noopener\"><span class=\"w-btn-label\">SABER M\u00c1S<\/span><\/a><\/div><\/div><\/div><\/div><\/div><\/div><\/div><\/div><\/section><section class=\"l-section wpb_row height_small\"><div class=\"l-section-overlay\" style=\"background:rgba(255,223,220,0.70)\"><\/div><div class=\"l-section-h i-cf\"><div class=\"g-cols vc_row via_grid cols_custom laptops-cols_inherit tablets-cols_inherit mobiles-cols_1 valign_middle type_default stacking_default\" style=\"--custom-columns:3.6fr 1.2fr 1.2fr \"><div class=\"wpb_column vc_column_container\"><div class=\"vc_column-inner\"><div class=\"w-separator size_medium\"><\/div>[vc_custom_heading text=\u00bbCurso de Marketing Digital con Master Resell Rights\u00bb font_container=\u00bbtag:h4|text_align:left|color:%23000000&#8243; use_theme_fonts=\u00bbyes\u00bb css=\u00bb%7B%22default%22%3A%7B%22text-align%22%3A%22center%22%2C%22font-weight%22%3A%22900%22%2C%22margin-bottom%22%3A%220%22%2C%22padding-bottom%22%3A%220%22%7D%7D\u00bb]<div class=\"w-separator size_small\"><\/div><div class=\"wpb_text_column\"><div class=\"wpb_wrapper\"><p>Este curso te ense\u00f1ara como crear tu propio producto digital, configurar diferentes flujos de venta, comercializar con \u00e9xito en las principales plataformas de redes sociales y usar a tu favor las herramientas de inteligencia artificial.<\/p>\n<p>Este producto \u00fanico adem\u00e1s tiene Master Resell Rights, lo que te otorga los derechos de reventa para que puedas generar ingresos pasivos con facilidad.<\/p>\n<\/div><\/div><div class=\"w-separator size_medium\"><\/div><\/div><\/div><div class=\"wpb_column vc_column_container\"><div class=\"vc_column-inner\"><div class=\"w-image us_custom_8f2ba1f4 us_animate_this align_none\"><a target=\"_blank\" href=\"https:\/\/maikaionline.com\/m\/soulful-leadership\/\" rel=\"noopener\" aria-label=\"Enlace\" class=\"w-image-h\"><img loading=\"lazy\" decoding=\"async\" width=\"800\" height=\"800\" src=\"https:\/\/maikaionline.com\/m\/wp-content\/uploads\/2023\/10\/soulful-leadership.jpg\" class=\"attachment-full size-full\" alt=\"\" srcset=\"https:\/\/maikaionline.com\/m\/wp-content\/uploads\/2023\/10\/soulful-leadership.jpg 800w, https:\/\/maikaionline.com\/m\/wp-content\/uploads\/2023\/10\/soulful-leadership-300x300.jpg 300w, https:\/\/maikaionline.com\/m\/wp-content\/uploads\/2023\/10\/soulful-leadership-150x150.jpg 150w, https:\/\/maikaionline.com\/m\/wp-content\/uploads\/2023\/10\/soulful-leadership-400x400.jpg 400w, https:\/\/maikaionline.com\/m\/wp-content\/uploads\/2023\/10\/soulful-leadership-450x450.jpg 450w, https:\/\/maikaionline.com\/m\/wp-content\/uploads\/2023\/10\/soulful-leadership-64x64.jpg 64w\" sizes=\"auto, (max-width: 800px) 100vw, 800px\" \/><\/a><\/div><\/div><\/div><div class=\"wpb_column vc_column_container\"><div class=\"vc_column-inner\"><div class=\"w-btn-wrapper align_none\"><a class=\"w-btn us-btn-style_1\" target=\"_blank\" href=\"https:\/\/maikaionline.com\/m\/soulful-leadership\/\" rel=\"noopener\"><span class=\"w-btn-label\">SABER M\u00c1S<\/span><\/a><\/div><\/div><\/div><\/div><\/div><\/section><section class=\"l-section wpb_row height_small\"><div class=\"l-section-h i-cf\"><div class=\"g-cols vc_row via_grid cols_custom laptops-cols_inherit tablets-cols_inherit mobiles-cols_1 valign_middle type_default stacking_default\" style=\"--custom-columns:3.6fr 1.2fr 1.2fr \"><div class=\"wpb_column vc_column_container\"><div class=\"vc_column-inner\"><div class=\"w-separator size_medium\"><\/div>[vc_custom_heading text=\u00bbEstrategia + Mindset + Energ\u00eda\u00bb font_container=\u00bbtag:h4|text_align:left|color:%23000000&#8243; use_theme_fonts=\u00bbyes\u00bb css=\u00bb%7B%22default%22%3A%7B%22text-align%22%3A%22center%22%2C%22font-weight%22%3A%22900%22%2C%22margin-bottom%22%3A%220%22%2C%22padding-bottom%22%3A%220%22%7D%7D\u00bb]<div class=\"w-separator size_small\"><\/div><div class=\"wpb_text_column\"><div class=\"wpb_wrapper\"><p>\u00a1Este producto es un curso extenso para emprendedores conscientes!<\/p>\n<p>Se trata de un programa intensivo de 4 semanas que te llevar\u00e1 a un nuevo nivel de expansi\u00f3n personal y profesional.<\/p>\n<p>Estrategia, Mindest, Energ\u00eda trata de acelerar a la persona y darle un sistema para que sepa que si hace el trabajo interior, podr\u00e1 crear un estilo de vida que ama, mientras comparte su mensaje, producto, servicio \u00fanico, cualquiera que sea su creaci\u00f3n&#8230; y atrae la abundancia que desea&#8230; desde un lugar de total integridad.<\/p>\n<\/div><\/div><div class=\"w-separator size_medium\"><\/div><\/div><\/div><div class=\"wpb_column vc_column_container\"><div class=\"vc_column-inner\"><div class=\"w-image us_custom_8f2ba1f4 us_animate_this align_none\"><a target=\"_blank\" href=\"https:\/\/maikaionline.com\/m\/estrategia-mentalidad-energia\/\" rel=\"noopener\" aria-label=\"Enlace\" class=\"w-image-h\"><img loading=\"lazy\" decoding=\"async\" width=\"1080\" height=\"1080\" src=\"https:\/\/maikaionline.com\/m\/wp-content\/uploads\/2023\/11\/energia.jpg\" class=\"attachment-full size-full\" alt=\"\" srcset=\"https:\/\/maikaionline.com\/m\/wp-content\/uploads\/2023\/11\/energia.jpg 1080w, https:\/\/maikaionline.com\/m\/wp-content\/uploads\/2023\/11\/energia-300x300.jpg 300w, https:\/\/maikaionline.com\/m\/wp-content\/uploads\/2023\/11\/energia-1024x1024.jpg 1024w, https:\/\/maikaionline.com\/m\/wp-content\/uploads\/2023\/11\/energia-150x150.jpg 150w, https:\/\/maikaionline.com\/m\/wp-content\/uploads\/2023\/11\/energia-400x400.jpg 400w, https:\/\/maikaionline.com\/m\/wp-content\/uploads\/2023\/11\/energia-450x450.jpg 450w, https:\/\/maikaionline.com\/m\/wp-content\/uploads\/2023\/11\/energia-64x64.jpg 64w\" sizes=\"auto, (max-width: 1080px) 100vw, 1080px\" \/><\/a><\/div><\/div><\/div><div class=\"wpb_column vc_column_container\"><div class=\"vc_column-inner\"><div class=\"w-btn-wrapper align_none\"><a class=\"w-btn us-btn-style_1\" target=\"_blank\" href=\"https:\/\/maikaionline.com\/m\/estrategia-mentalidad-energia\/\" rel=\"noopener\"><span class=\"w-btn-label\">SABER M\u00c1S<\/span><\/a><\/div><\/div><\/div><\/div><\/div><\/section>\n","protected":false},"excerpt":{"rendered":"HomeMentoriasEventosProgramasAPPSEVENContacto[vc_custom_heading source=\"post_title\" font_container=\"tag:h1|text_align:left|color:%23ce908e\" use_theme_fonts=\"yes\" css=\"%7B%22default%22%3A%7B%22text-align%22%3A%22center%22%2C%22font-weight%22%3A%22900%22%2C%22text-transform%22%3A%22uppercase%22%7D%7D\"][vc_custom_heading text=\"Masterclass de Journaling\" font_container=\"tag:h4|text_align:left\" use_theme_fonts=\"yes\" css=\"%7B%22default%22%3A%7B%22text-align%22%3A%22center%22%2C%22font-weight%22%3A%22900%22%2C%22margin-bottom%22%3A%220%22%2C%22padding-bottom%22%3A%220%22%7D%7D\"]Un programa poderoso que te brindar\u00e1 todas las herramientas de alto nivel que necesitas para conectar con tu prop\u00f3sito y modificar tu realidad. Aprender\u00e1s c\u00f3mo dise\u00f1ar tu propio ritual de mentalidad de \u00e9xito, alinearte, superar todos tus bloqueos y l\u00edmites, tomar medidas MASIVAS y aut\u00e9nticas...","protected":false},"author":1,"featured_media":0,"parent":363,"menu_order":0,"comment_status":"closed","ping_status":"closed","template":"","meta":{"footnotes":""},"class_list":["post-419","page","type-page","status-publish","hentry"],"_links":{"self":[{"href":"https:\/\/maikaionline.com\/m\/wp-json\/wp\/v2\/pages\/419","targetHints":{"allow":["GET"]}}],"collection":[{"href":"https:\/\/maikaionline.com\/m\/wp-json\/wp\/v2\/pages"}],"about":[{"href":"https:\/\/maikaionline.com\/m\/wp-json\/wp\/v2\/types\/page"}],"author":[{"embeddable":true,"href":"https:\/\/maikaionline.com\/m\/wp-json\/wp\/v2\/users\/1"}],"replies":[{"embeddable":true,"href":"https:\/\/maikaionline.com\/m\/wp-json\/wp\/v2\/comments?post=419"}],"version-history":[{"count":13,"href":"https:\/\/maikaionline.com\/m\/wp-json\/wp\/v2\/pages\/419\/revisions"}],"predecessor-version":[{"id":609,"href":"https:\/\/maikaionline.com\/m\/wp-json\/wp\/v2\/pages\/419\/revisions\/609"}],"up":[{"embeddable":true,"href":"https:\/\/maikaionline.com\/m\/wp-json\/wp\/v2\/pages\/363"}],"wp:attachment":[{"href":"https:\/\/maikaionline.com\/m\/wp-json\/wp\/v2\/media?parent=419"}],"curies":[{"name":"wp","href":"https:\/\/api.w.org\/{rel}","templated":true}]}}