{"id":569,"date":"2023-11-03T23:39:33","date_gmt":"2023-11-03T23:39:33","guid":{"rendered":"https:\/\/maikaionline.com\/m\/?page_id=569"},"modified":"2023-11-06T11:00:23","modified_gmt":"2023-11-06T11:00:23","slug":"estrategia-mentalidad-energia","status":"publish","type":"page","link":"https:\/\/maikaionline.com\/m\/estrategia-mentalidad-energia\/","title":{"rendered":"Estrategia + Mentalidad + Energ\u00eda"},"content":{"rendered":"<section class=\"l-section wpb_row height_auto width_full\"><div class=\"l-section-h i-cf\"><div class=\"g-cols vc_row via_grid cols_1 laptops-cols_inherit tablets-cols_inherit mobiles-cols_1 valign_top type_default stacking_default\"><div class=\"wpb_column vc_column_container\"><div class=\"vc_column-inner\"><\/div><\/div><\/div><\/div><\/section><section class=\"l-section wpb_row height_medium with_img parallax_fixed\"><div class=\"l-section-img\" style=\"background-image: url(https:\/\/maikaionline.com\/m\/wp-content\/uploads\/2023\/10\/texyture.jpg);background-repeat: no-repeat;\" data-img-width=\"1240\" data-img-height=\"600\"><\/div><div class=\"l-section-h i-cf\"><div class=\"g-cols vc_row via_grid cols_1 laptops-cols_inherit tablets-cols_inherit mobiles-cols_1 valign_top type_default stacking_default\"><div class=\"wpb_column vc_column_container\"><div class=\"vc_column-inner\"><div class=\"g-cols wpb_row via_grid cols_custom laptops-cols_inherit tablets-cols_inherit mobiles-cols_1 valign_top type_default stacking_default\" style=\"--custom-columns:1fr 2fr 2fr 1fr \"><div class=\"wpb_column vc_column_container\"><div class=\"vc_column-inner\"><\/div><\/div><div class=\"wpb_column vc_column_container\"><div class=\"vc_column-inner\"><div class=\"w-image us_custom_32f4bd2c us_animate_this align_none\"><div class=\"w-image-h\"><img loading=\"lazy\" decoding=\"async\" width=\"1038\" height=\"1384\" src=\"https:\/\/maikaionline.com\/m\/wp-content\/uploads\/2023\/11\/luba.jpg\" class=\"attachment-full size-full\" alt=\"\" srcset=\"https:\/\/maikaionline.com\/m\/wp-content\/uploads\/2023\/11\/luba.jpg 1038w, https:\/\/maikaionline.com\/m\/wp-content\/uploads\/2023\/11\/luba-225x300.jpg 225w, https:\/\/maikaionline.com\/m\/wp-content\/uploads\/2023\/11\/luba-768x1024.jpg 768w, https:\/\/maikaionline.com\/m\/wp-content\/uploads\/2023\/11\/luba-300x400.jpg 300w, https:\/\/maikaionline.com\/m\/wp-content\/uploads\/2023\/11\/luba-338x450.jpg 338w\" sizes=\"auto, (max-width: 1038px) 100vw, 1038px\" \/><\/div><\/div><\/div><\/div><div class=\"wpb_column vc_column_container\"><div class=\"vc_column-inner\"><div class=\"wpb_text_column us_custom_04c40667\"><div class=\"wpb_wrapper\"><h2><strong><span style=\"color: #c98b8c;\">Estrategia + Mentalidad + Energ\u00eda<\/span><\/strong><\/h2>\n<p>\u00abTienes dentro de ti, todo el poder para crear una vida que amas, mientras compartes tu mensaje, producto, servicio \u00fanico, cualquiera que sea tu creaci\u00f3n\u2026 y atraes la abundancia que deseas\u2026 desde un lugar de total integridad.\u00bb<\/p>\n<p>Con amor,<\/p>\n<p><em><span style=\"color: #c98b8c;\">Luba<\/span><\/em><\/p>\n<\/div><\/div><\/div><\/div><div class=\"wpb_column vc_column_container\"><div class=\"vc_column-inner\"><\/div><\/div><\/div><\/div><\/div><\/div><\/div><\/section><section class=\"l-section wpb_row height_medium with_img with_shape\"><div class=\"l-section-img\" style=\"background-image: url(https:\/\/maikaionline.com\/m\/wp-content\/uploads\/2023\/10\/texyture.jpg);\" data-img-width=\"1240\" data-img-height=\"600\"><\/div><div class=\"l-section-overlay\" style=\"background:rgba(249,185,150,0.62)\"><\/div><div class=\"l-section-shape type_wave pos_top hor_flip\" style=\"height:3vh;color:\"><svg xmlns=\"http:\/\/www.w3.org\/2000\/svg\" viewBox=\"0 4 64 4\" preserveAspectRatio=\"none\" width=\"100%\" height=\"100%\">\r\n\t<path fill=\"currentColor\" d=\"M64 6 C32 0 32 12 0 6 L0 8 L64 8 Z\"\/>\r\n<\/svg><\/div><div class=\"l-section-shape type_wave pos_bottom\" style=\"height:3vh;color:\"><svg xmlns=\"http:\/\/www.w3.org\/2000\/svg\" viewBox=\"0 4 64 4\" preserveAspectRatio=\"none\" width=\"100%\" height=\"100%\">\r\n\t<path fill=\"currentColor\" d=\"M64 6 C32 0 32 12 0 6 L0 8 L64 8 Z\"\/>\r\n<\/svg><\/div><div class=\"l-section-h i-cf\"><div class=\"g-cols vc_row via_grid cols_1 laptops-cols_inherit tablets-cols_inherit mobiles-cols_1 valign_top type_default stacking_default\"><div class=\"wpb_column vc_column_container\"><div class=\"vc_column-inner\"><div class=\"w-separator size_small\"><\/div>[vc_custom_heading text=\u00bb\u00a1Es hora de explorar, descubrir y abrazar el poder que hay dentro de ti!\u00bb font_container=\u00bbtag:h3|text_align:center|color:%23c98b8c\u00bb google_fonts=\u00bbfont_family:Dancing%20Script%3Aregular%2C700|font_style:400%20regular%3A400%3Anormal\u00bb css=\u00bb%7B%22default%22%3A%7B%22color%22%3A%22%23c98b8c%22%2C%22text-align%22%3A%22center%22%7D%7D\u00bb]<div class=\"w-separator size_small\"><\/div><div class=\"wpb_text_column us_custom_7fb3620b\"><div class=\"wpb_wrapper\"><p>Y comenzar a vivir una vida en la que te despiertas todos los d\u00edas llena de alegr\u00eda y prop\u00f3sito.<\/p>\n<p>Imag\u00ednate viviendo en abundancia, rodeada de amor y generando un impacto positivo en el mundo.<\/p>\n<p>\u00a1Si estas preparada para desatar tu potencial y expandirte al siguiente nivel en tu negocio, estas en el lugar correcto!<\/p>\n<\/div><\/div><div class=\"w-separator size_small\"><\/div><\/div><\/div><\/div><\/div><\/section><section class=\"l-section wpb_row height_medium with_img parallax_fixed\"><div class=\"l-section-img\" style=\"background-image: url(https:\/\/maikaionline.com\/m\/wp-content\/uploads\/2023\/10\/texyture.jpg);background-repeat: no-repeat;\" data-img-width=\"1240\" data-img-height=\"600\"><\/div><div class=\"l-section-h i-cf\"><div class=\"g-cols vc_row via_grid cols_1-2 laptops-cols_inherit tablets-cols_inherit mobiles-cols_1 valign_top type_default stacking_default\"><div class=\"wpb_column vc_column_container\"><div class=\"vc_column-inner\">[vc_custom_heading text=\u00bbEsto es lo que vas a aprender\u00bb font_container=\u00bbtag:h2|text_align:center|color:%23c98b8c\u00bb google_fonts=\u00bbfont_family:Dancing%20Script%3Aregular%2C700|font_style:400%20regular%3A400%3Anormal\u00bb css=\u00bb%7B%22default%22%3A%7B%22text-align%22%3A%22right%22%2C%22font-size%22%3A%222.5rem%22%2C%22font-weight%22%3A%22900%22%2C%22margin-bottom%22%3A%220%22%2C%22padding-bottom%22%3A%220%22%7D%2C%22laptops%22%3A%7B%22text-align%22%3A%22right%22%2C%22font-size%22%3A%222.5rem%22%2C%22font-weight%22%3A%22900%22%7D%2C%22tablets%22%3A%7B%22text-align%22%3A%22center%22%2C%22font-size%22%3A%222.5rem%22%2C%22font-weight%22%3A%22900%22%7D%2C%22mobiles%22%3A%7B%22text-align%22%3A%22center%22%2C%22font-size%22%3A%222.5rem%22%2C%22font-weight%22%3A%22900%22%7D%7D\u00bb]<\/div><\/div><div class=\"wpb_column vc_column_container\"><div class=\"vc_column-inner\"><div class=\"wpb_text_column us_custom_47474b22 us_animate_this\"><div class=\"wpb_wrapper\"><ul>\n<li>C\u00f3mo crear una base s\u00f3lida basada en tu prop\u00f3sito que te lleve al siguiente nivel en tu expansi\u00f3n profesional y te mantenga all\u00ed.<\/li>\n<li>C\u00f3mo reducir a la mitad tu horario de trabajo, ser el doble de productivo y ganar tiempo de calidad.<\/li>\n<li>Como crear una estrategia de \u00e9xito para expandir tu negocio on-line.<\/li>\n<li>C\u00f3mo profundizar, replantear y realizar los ejercicios de mentalidad productiva de personas con ingresos de 7 cifras con 100% de claridad.<\/li>\n<li>C\u00f3mo reforzar tus finanzas y salud f\u00edsica reclamando tu soberan\u00eda.<\/li>\n<li>C\u00f3mo crear tu estilo de vida perfecto en armon\u00eda con las personas que m\u00e1s te apoyan (y descartar a cualquiera que no est\u00e9 alineado con tu verdad).<\/li>\n<li>C\u00f3mo atraer a las personas adecuadas para tu viaje.<\/li>\n<\/ul>\n<\/div><\/div><\/div><\/div><\/div><\/div><\/section><section class=\"l-section wpb_row height_medium with_img parallax_fixed\"><div class=\"l-section-img\" style=\"background-image: url(https:\/\/maikaionline.com\/m\/wp-content\/uploads\/2023\/10\/texyture.jpg);background-repeat: no-repeat;\" data-img-width=\"1240\" data-img-height=\"600\"><\/div><div class=\"l-section-h i-cf\"><div class=\"g-cols vc_row via_grid cols_1 laptops-cols_inherit tablets-cols_inherit mobiles-cols_1 valign_top type_default stacking_default\"><div class=\"wpb_column vc_column_container\"><div class=\"vc_column-inner\"><div class=\"w-separator size_small\"><\/div><div class=\"wpb_text_column\"><div class=\"wpb_wrapper\"><h2 style=\"text-align: center;\"><strong>\u00a0\u00bfEstas preparada para tu expansi\u00f3n?<\/strong><\/h2>\n<h3 style=\"text-align: center;\"><strong><span style=\"color: #c98b8c;\">\u00a1TE MOSTRAR\u00c9 C\u00d3MO PASO A PASO!<\/span><\/strong><\/h3>\n<\/div><\/div><div class=\"w-separator size_small\"><\/div><div class=\"w-tabs style_default switch_click accordion has_scrolling\" style=\"--sections-title-size:inherit\"><div class=\"w-tabs-sections titles-align_none icon_chevron cpos_right\"><div class=\"w-tabs-section\" id=\"v2d7\"><button aria-controls=\"content-v2d7\" class=\"w-tabs-section-header\"><div class=\"w-tabs-section-title\">M\u00d3DULO 1 (SEMANA 48)<\/div><div class=\"w-tabs-section-control\"><\/div><\/button><div  class=\"w-tabs-section-content\" id=\"content-v2d7\" aria-expanded=\"false\"><div class=\"w-tabs-section-content-h i-cf\"><div class=\"wpb_text_column us_custom_bd9593b6 us_animate_this\"><div class=\"wpb_wrapper\"><h4><strong><span style=\"color: #c98b8c;\">Conecta y alin\u00e9ate con tu prop\u00f3sito<\/span><\/strong><\/h4>\n<p>En la primera semana te embarcar\u00e1s en un emocionante viaje hacia la conexi\u00f3n profunda con tu prop\u00f3sito. Descubre la claridad que te guiar\u00e1 hacia una vida m\u00e1s significativa. Este es el primer paso para desbloquear tu verdadero potencial y crear una vida que realmente amas.<\/p>\n<\/div><\/div><\/div><\/div><\/div><div class=\"w-tabs-section\" id=\"u52c\"><button aria-controls=\"content-u52c\" class=\"w-tabs-section-header\"><div class=\"w-tabs-section-title\">M\u00d3DULO 2 (SEMANA 49)<\/div><div class=\"w-tabs-section-control\"><\/div><\/button><div  class=\"w-tabs-section-content\" id=\"content-u52c\" aria-expanded=\"false\"><div class=\"w-tabs-section-content-h i-cf\"><div class=\"wpb_text_column us_custom_8f2ba1f4 us_animate_this\"><div class=\"wpb_wrapper\"><h4><span style=\"color: #c98b8c;\"><strong>Descubre que bloqueos, programas y creencias est\u00e1n limitando tu expansi\u00f3n y aprende t\u00e9cnicas para eliminarlos.<\/strong><\/span><\/h4>\n<p>La segunda semana es un viaje de autodescubrimiento profundo. Juntos, exploraremos los bloqueos, programas y creencias que han estado limitando tu expansi\u00f3n. Aprender\u00e1s poderosas t\u00e9cnicas para liberarte de estas limitaciones y abrir el camino hacia tu crecimiento y \u00e9xito sin l\u00edmites.<\/p>\n<\/div><\/div><\/div><\/div><\/div><div class=\"w-tabs-section\" id=\"m78c\"><button aria-controls=\"content-m78c\" class=\"w-tabs-section-header\"><div class=\"w-tabs-section-title\">M\u00d3DULO 3 (SEMANA 50)<\/div><div class=\"w-tabs-section-control\"><\/div><\/button><div  class=\"w-tabs-section-content\" id=\"content-m78c\" aria-expanded=\"false\"><div class=\"w-tabs-section-content-h i-cf\"><div class=\"wpb_text_column us_custom_8f2ba1f4 us_animate_this\"><div class=\"wpb_wrapper\"><h4><span style=\"color: #c98b8c;\"><strong>Construye el estilo de vida que amas y te apoye en tu prop\u00f3sito<\/strong><\/span><\/h4>\n<p>En la tercera semana, nos enfocaremos en construir un estilo de vida que sea una manifestaci\u00f3n de tus sue\u00f1os y te apoye en tu camino hacia el prop\u00f3sito. Aqu\u00ed, aprender\u00e1s a dise\u00f1ar tu vida de manera intencional, de modo que cada d\u00eda sea una expresi\u00f3n de tu pasi\u00f3n y visi\u00f3n.<\/p>\n<\/div><\/div><\/div><\/div><\/div><div class=\"w-tabs-section\" id=\"u9bf\"><button aria-controls=\"content-u9bf\" class=\"w-tabs-section-header\"><div class=\"w-tabs-section-title\">M\u00d3DULO 4 (SEMANA 51)<\/div><div class=\"w-tabs-section-control\"><\/div><\/button><div  class=\"w-tabs-section-content\" id=\"content-u9bf\" aria-expanded=\"false\"><div class=\"w-tabs-section-content-h i-cf\"><div class=\"wpb_text_column us_custom_8f2ba1f4 us_animate_this\"><div class=\"wpb_wrapper\"><h4><span style=\"color: #c98b8c;\"><strong>Estrategias para poner tu negocio en piloto autom\u00e1tico<\/strong><\/span><\/h4>\n<p>En la cuarta semana, te sumergir\u00e1s en estrategias empresariales innovadoras para poner tu negocio en piloto autom\u00e1tico. Descubre c\u00f3mo liberar tu tiempo y energ\u00eda mientras tu negocio sigue creciendo y prosperando. Este es el paso final hacia la libertad y el \u00e9xito duradero.<\/p>\n<\/div><\/div><\/div><\/div><\/div><\/div><\/div><\/div><\/div><\/div><\/div><\/section><section class=\"l-section wpb_row height_medium with_shape\"><div class=\"l-section-overlay\" style=\"background:rgba(249,185,150,0.62)\"><\/div><div class=\"l-section-shape type_wave pos_top\" style=\"height:3vh;color:\"><svg xmlns=\"http:\/\/www.w3.org\/2000\/svg\" viewBox=\"0 4 64 4\" preserveAspectRatio=\"none\" width=\"100%\" height=\"100%\">\r\n\t<path fill=\"currentColor\" d=\"M64 6 C32 0 32 12 0 6 L0 8 L64 8 Z\"\/>\r\n<\/svg><\/div><div class=\"l-section-shape type_wave pos_bottom\" style=\"height:3vh;color:\"><svg xmlns=\"http:\/\/www.w3.org\/2000\/svg\" viewBox=\"0 4 64 4\" preserveAspectRatio=\"none\" width=\"100%\" height=\"100%\">\r\n\t<path fill=\"currentColor\" d=\"M64 6 C32 0 32 12 0 6 L0 8 L64 8 Z\"\/>\r\n<\/svg><\/div><div class=\"l-section-h i-cf\"><div class=\"g-cols vc_row via_grid cols_1 laptops-cols_inherit tablets-cols_inherit mobiles-cols_1 valign_top type_default stacking_default\"><div class=\"wpb_column vc_column_container\"><div class=\"vc_column-inner\"><div class=\"w-separator size_small\"><\/div>[vc_custom_heading text=\u00bbACCESO INMEDIATO\u00bb font_container=\u00bbtag:h2|text_align:center\u00bb use_theme_fonts=\u00bbyes\u00bb css=\u00bb%7B%22default%22%3A%7B%22font-weight%22%3A%22700%22%7D%7D\u00bb]<div class=\"w-separator size_small\"><\/div><div class=\"wpb_text_column us_custom_eb849559\"><div class=\"wpb_wrapper\"><p>Una vez te inscribas recibir\u00e1s acceso inmediato al programa de marketing digital para escalar tu presencia on-line y automatizar tus procesos.<\/p>\n<p>Se trata de curso integral de negocios, marketing y automatizaci\u00f3n con m\u00e1s de 80 m\u00f3dulos detallados y f\u00e1ciles de seguir <span style=\"color: #c98b8c;\"><strong>\u00a1PENSADO PARA PRINCIPIANTES!<\/strong><\/span><\/p>\n<p>\u00a1Acceso de por vida a actualizaciones continuas de cursos y soporte en comunidad sin tarifas ni cargos mensuales!<\/p>\n<\/div><\/div><div class=\"w-separator size_small\"><\/div><\/div><\/div><\/div><\/div><\/section><section class=\"l-section wpb_row height_medium with_img\"><div class=\"l-section-img\" style=\"background-image: url(https:\/\/maikaionline.com\/m\/wp-content\/uploads\/2023\/10\/texyture.jpg);background-repeat: no-repeat;\" data-img-width=\"1240\" data-img-height=\"600\"><\/div><div class=\"l-section-h i-cf\"><div class=\"g-cols vc_row via_grid cols_1 laptops-cols_inherit tablets-cols_inherit mobiles-cols_1 valign_top type_default stacking_default\"><div class=\"wpb_column vc_column_container\"><div class=\"vc_column-inner\"><div class=\"w-separator size_small\"><\/div>[vc_custom_heading text=\u00bbBONUS\u00bb font_container=\u00bbtag:h2|text_align:center|color:%23c98b8c\u00bb use_theme_fonts=\u00bbyes\u00bb css=\u00bb%7B%22default%22%3A%7B%22text-align%22%3A%22center%22%2C%22font-weight%22%3A%22700%22%7D%7D\u00bb]<div class=\"w-separator size_small\"><\/div><div class=\"wpb_text_column us_custom_eb849559\"><div class=\"wpb_wrapper\"><p>\u00a1Puedes obtener ingresos extra!<\/p>\n<p>Cuando compras este producto, no solo te beneficiar\u00e1s de la s\u00f3lida formaci\u00f3n de marketing digital, sino que tambi\u00e9n ser\u00e1s propietario del curso en s\u00ed mismo y podr\u00e1s re-venderlo para obtener un beneficio del 100 %.<\/p>\n<p>Obtendr\u00e1s la licencia de derechos de re-venta ( Master Resell Rights ) y esto significa que cada vez que alguien te compra este curso, el importe total de la compra va directamente a ti, no a un tercero.<\/p>\n<\/div><\/div><div class=\"w-separator size_small\"><\/div><\/div><\/div><\/div><\/div><\/section><section class=\"l-section wpb_row height_medium with_shape\"><div class=\"l-section-overlay\" style=\"background:rgba(249,185,150,0.62)\"><\/div><div class=\"l-section-shape type_wave pos_top hor_flip\" style=\"height:3vh;color:\"><svg xmlns=\"http:\/\/www.w3.org\/2000\/svg\" viewBox=\"0 4 64 4\" preserveAspectRatio=\"none\" width=\"100%\" height=\"100%\">\r\n\t<path fill=\"currentColor\" d=\"M64 6 C32 0 32 12 0 6 L0 8 L64 8 Z\"\/>\r\n<\/svg><\/div><div class=\"l-section-shape type_wave pos_bottom\" style=\"height:3vh;color:\"><svg xmlns=\"http:\/\/www.w3.org\/2000\/svg\" viewBox=\"0 4 64 4\" preserveAspectRatio=\"none\" width=\"100%\" height=\"100%\">\r\n\t<path fill=\"currentColor\" d=\"M64 6 C32 0 32 12 0 6 L0 8 L64 8 Z\"\/>\r\n<\/svg><\/div><div class=\"l-section-h i-cf\"><div class=\"g-cols vc_row via_grid cols_1 laptops-cols_inherit tablets-cols_inherit mobiles-cols_1 valign_top type_default stacking_default\"><div class=\"wpb_column vc_column_container\"><div class=\"vc_column-inner\"><div class=\"w-separator size_small\"><\/div>[vc_custom_heading text=\u00bbINSCRIPCIONES ABIERTAS\u00bb use_theme_fonts=\u00bbyes\u00bb css=\u00bb%7B%22default%22%3A%7B%22text-align%22%3A%22center%22%2C%22font-weight%22%3A%22700%22%7D%7D\u00bb]<div class=\"w-separator size_small\"><\/div><div class=\"g-cols wpb_row via_grid cols_2 laptops-cols_inherit tablets-cols_inherit mobiles-cols_1 valign_top type_default stacking_default\"><div class=\"wpb_column vc_column_container\"><div class=\"vc_column-inner\"><div class=\"wpb_text_column\"><div class=\"wpb_wrapper\"><p><strong>\u00bfComo transcurre el programa?<\/strong><\/p>\n<p>Cada semana tendremos nuestra cita en directo a las 18.00 h y tras la sesi\u00f3n recibir\u00e1s la grabaci\u00f3n de cada m\u00f3dulo y los materiales de apoyo para continuar con tu trabajo personal.<\/p>\n<\/div><\/div><\/div><\/div><div class=\"wpb_column vc_column_container\"><div class=\"vc_column-inner\"><div class=\"w-iconbox iconpos_left style_default color_custom align_left\"><div class=\"w-iconbox-icon\" style=\"font-size:2rem;color:#c98b8c;\"><i class=\"far fa-calendar\"><\/i><\/div><div class=\"w-iconbox-meta\"><h5 class=\"w-iconbox-title\">Los d\u00edas de sesiones en directo de esta edici\u00f3n son:<\/h5><div class=\"w-iconbox-text\"><ul>\n<li>29 de noviembre<\/li>\n<li>5 de diciembre<\/li>\n<li>13 de diciembre<\/li>\n<li>20 de diciembre<\/li>\n<\/ul>\n<\/div><\/div><\/div><\/div><\/div><\/div><div class=\"w-separator size_small\"><\/div><\/div><\/div><\/div><\/div><\/section><section class=\"l-section wpb_row height_medium with_img\"><div class=\"l-section-img\" style=\"background-image: url(https:\/\/maikaionline.com\/m\/wp-content\/uploads\/2023\/10\/texyture.jpg);background-repeat: no-repeat;\" data-img-width=\"1240\" data-img-height=\"600\"><\/div><div class=\"l-section-h i-cf\"><div class=\"g-cols vc_row via_grid cols_1 laptops-cols_inherit tablets-cols_inherit mobiles-cols_1 valign_top type_default stacking_default\"><div class=\"wpb_column vc_column_container\"><div class=\"vc_column-inner\"><div class=\"w-separator size_small\"><\/div>[vc_custom_heading text=\u00bbGrupo privado de Facebook\u00bb font_container=\u00bbtag:h3|text_align:center|color:%23c98b8c\u00bb use_theme_fonts=\u00bbyes\u00bb css=\u00bb%7B%22default%22%3A%7B%22text-align%22%3A%22center%22%2C%22font-weight%22%3A%22700%22%7D%7D\u00bb]<div class=\"w-separator size_small\"><\/div><div class=\"wpb_text_column us_custom_eb849559\"><div class=\"wpb_wrapper\"><p>Estar\u00e1s en contacto directo conmigo para darte apoyo en cada paso y sentirte acompa\u00f1ada en un entorno seguro junto con otras emprendedoras que simpatizan y empatizan con tu viaje.<\/p>\n<p><em>\u00bfEst\u00e1s lista para transformar tu vida?<\/em><\/p>\n<p>\u00bfY recibir una gran cantidad de conocimientos concentrados a los que no puede acceder en ning\u00fan otro lugar?<\/p>\n<p style=\"text-align: center;\"><span style=\"color: #c98b8c;\"><strong>\u00a1Di S\u00cd a tu expansi\u00f3n y \u00fanete hoy!<\/strong><\/span><\/p>\n<\/div><\/div><div class=\"w-separator size_small\"><\/div><div class=\"w-btn-wrapper align_center\"><a class=\"w-btn us-btn-style_9 us_custom_bdda6c06 us_animate_this\" target=\"_blank\" href=\"https:\/\/maikaionline.com\/es\/masterclass\/801-estrategia-mindset-energia.html\" rel=\"noopener\"><span class=\"w-btn-label\">EMPIEZA AHORA<\/span><\/a><\/div><\/div><\/div><\/div><\/div><\/section><section class=\"l-section wpb_row height_medium with_shape\"><div class=\"l-section-overlay\" style=\"background:rgba(249,185,150,0.62)\"><\/div><div class=\"l-section-shape type_wave pos_top\" style=\"height:3vh;color:\"><svg xmlns=\"http:\/\/www.w3.org\/2000\/svg\" viewBox=\"0 4 64 4\" preserveAspectRatio=\"none\" width=\"100%\" height=\"100%\">\r\n\t<path fill=\"currentColor\" d=\"M64 6 C32 0 32 12 0 6 L0 8 L64 8 Z\"\/>\r\n<\/svg><\/div><div class=\"l-section-h i-cf\"><div class=\"g-cols vc_row via_grid cols_2 laptops-cols_inherit tablets-cols_inherit mobiles-cols_1 valign_top type_default stacking_default\"><div class=\"wpb_column vc_column_container\"><div class=\"vc_column-inner\"><div class=\"w-btn-wrapper align_center\"><a class=\"w-btn us-btn-style_10 icon_atleft\" target=\"_blank\" href=\"mailto:luba@maikaiononline.com\" rel=\"noopener\"><i class=\"far fa-envelope\"><\/i><span class=\"w-btn-label\">ENV\u00cdAME UN EMAIL<\/span><\/a><\/div><\/div><\/div><div class=\"wpb_column vc_column_container\"><div class=\"vc_column-inner\"><div class=\"w-btn-wrapper align_center\"><a class=\"w-btn us-btn-style_10 icon_atleft\" target=\"_blank\" href=\"https:\/\/wa.link\/xidlof\" rel=\"noopener\"><i class=\"fab fa-whatsapp\"><\/i><span class=\"w-btn-label\">CONTACTA POR MENSAJE<\/span><\/a><\/div><\/div><\/div><\/div><\/div><\/section>\n","protected":false},"excerpt":{"rendered":"Estrategia + Mentalidad + Energ\u00eda \u00abTienes dentro de ti, todo el poder para crear una vida que amas, mientras compartes tu mensaje, producto, servicio \u00fanico, cualquiera que sea tu creaci\u00f3n\u2026 y atraes la abundancia que deseas\u2026 desde un lugar de total integridad.\u00bb Con amor, Luba [vc_custom_heading text=\"\u00a1Es hora de explorar, descubrir y abrazar el poder...","protected":false},"author":1,"featured_media":0,"parent":0,"menu_order":0,"comment_status":"closed","ping_status":"closed","template":"","meta":{"footnotes":""},"class_list":["post-569","page","type-page","status-publish","hentry"],"_links":{"self":[{"href":"https:\/\/maikaionline.com\/m\/wp-json\/wp\/v2\/pages\/569","targetHints":{"allow":["GET"]}}],"collection":[{"href":"https:\/\/maikaionline.com\/m\/wp-json\/wp\/v2\/pages"}],"about":[{"href":"https:\/\/maikaionline.com\/m\/wp-json\/wp\/v2\/types\/page"}],"author":[{"embeddable":true,"href":"https:\/\/maikaionline.com\/m\/wp-json\/wp\/v2\/users\/1"}],"replies":[{"embeddable":true,"href":"https:\/\/maikaionline.com\/m\/wp-json\/wp\/v2\/comments?post=569"}],"version-history":[{"count":32,"href":"https:\/\/maikaionline.com\/m\/wp-json\/wp\/v2\/pages\/569\/revisions"}],"predecessor-version":[{"id":604,"href":"https:\/\/maikaionline.com\/m\/wp-json\/wp\/v2\/pages\/569\/revisions\/604"}],"wp:attachment":[{"href":"https:\/\/maikaionline.com\/m\/wp-json\/wp\/v2\/media?parent=569"}],"curies":[{"name":"wp","href":"https:\/\/api.w.org\/{rel}","templated":true}]}}